{"id":694946,"date":"2026-04-01T18:56:39","date_gmt":"2026-04-01T18:56:39","guid":{"rendered":"https:\/\/romanceclub.com\/?post_type=product&#038;p=694946"},"modified":"2026-05-08T12:42:27","modified_gmt":"2026-05-08T12:42:27","slug":"pass-premium-12-mois","status":"publish","type":"product","link":"https:\/\/ru.romanceclub.com\/fr\/produit\/pass-premium-12-mois\/","title":{"rendered":"Pass Premium<br>[ x12 mois ]"},"content":{"rendered":"Un abonnement de 12 mois avec des recharges de ressources quotidiennes. Les ressources non utilis\u00e9es ne se cumulent pas. <br>L&rsquo;option \u00ab\u00a0Tout acheter\u00a0\u00bb restera disponible pour tous les joueurs, qu&rsquo;ils aient un abonnement ou non.<br><br><strong>Choix premium gratuits<\/strong> : Chaque jour, vous pouvez effectuer un nombre limit\u00e9 de choix premium gratuitement.<br><strong>Choix sans regret <\/strong>: Apr\u00e8s avoir fait un choix premium, vous pouvez l&rsquo;annuler et revenir au choix d&rsquo;origine. Tous les diamants d\u00e9pens\u00e9s vous sont rembours\u00e9s. <br>R\u00e9duction sur les choix : Une fois les choix premium gratuits \u00e9puis\u00e9s, vous pouvez effectuer des choix premium payants en diamants avec une r\u00e9duction qui augmente \u00e0 chaque choix suppl\u00e9mentaire.<br><strong>Autres avantages :<\/strong><br>&#8211; Toutes les r\u00e9compenses publicitaires sont doubl\u00e9es et vous avez acc\u00e8s \u00e0 du contenu d&rsquo;histoire exclusif dans les \u00e9pisodes.<br>&#8211; Le temps de recharge pour une tasse de th\u00e9 est r\u00e9duit \u00e0 2 heures et 30 minutes.<br>&#8211; Le temps de recharge pour un tour gratuit \u00e0 la roue de la fortune est r\u00e9duit de 12 heures \u00e0 8 heures.<br>&#8211; Les chances d&rsquo;obtenir des cartes de votre liste d&rsquo;envies sont augment\u00e9es de 20 %.<br>&#8211; Les r\u00e9compenses de fin de chapitre sont augment\u00e9es de 15 diamants.<br>&#8211; Possibilit\u00e9 d&rsquo;avancer rapidement dans les dialogues jusqu&rsquo;au prochain choix.<br>&#8211; Possibilit\u00e9 de choisir d&rsquo;utiliser les ressources du pass ou vos propres diamants pour les choix.<br><br><strong>Contenu exclusif qui sera disponible pour les d\u00e9tenteurs du Pass Premium et ne n\u00e9cessitera pas de diamants :<\/strong><br>&#8211; V\u00eatements, coiffures, maquillage et accessoires <em>(mais pas les sc\u00e8nes d&rsquo;histoire, le d\u00e9veloppement des relations avec les personnages secondaires ni l&rsquo;am\u00e9lioration des statistiques).<\/em><br>","protected":false},"excerpt":{"rendered":"<p>A 12-mois pass avec recharges quotidiennes<\/p>\n","protected":false},"featured_media":688734,"template":"","meta":{"_acf_changed":false,"inline_featured_image":false},"product_brand":[],"product_cat":[519],"product_tag":[696,692,693,708],"class_list":{"0":"post-694946","1":"product","2":"type-product","3":"status-publish","4":"has-post-thumbnail","6":"product_cat-premium","7":"product_tag-pass-2","8":"product_tag-pass","9":"product_tag-premium","10":"product_tag-premium-pass","12":"first","13":"instock","14":"virtual","15":"sold-individually","16":"purchasable","17":"product-type-simple"},"acf":[],"_links":{"self":[{"href":"https:\/\/ru.romanceclub.com\/fr\/wp-json\/wp\/v2\/product\/694946","targetHints":{"allow":["GET"]}}],"collection":[{"href":"https:\/\/ru.romanceclub.com\/fr\/wp-json\/wp\/v2\/product"}],"about":[{"href":"https:\/\/ru.romanceclub.com\/fr\/wp-json\/wp\/v2\/types\/product"}],"wp:featuredmedia":[{"embeddable":true,"href":"https:\/\/ru.romanceclub.com\/fr\/wp-json\/wp\/v2\/media\/688734"}],"wp:attachment":[{"href":"https:\/\/ru.romanceclub.com\/fr\/wp-json\/wp\/v2\/media?parent=694946"}],"wp:term":[{"taxonomy":"product_brand","embeddable":true,"href":"https:\/\/ru.romanceclub.com\/fr\/wp-json\/wp\/v2\/product_brand?post=694946"},{"taxonomy":"product_cat","embeddable":true,"href":"https:\/\/ru.romanceclub.com\/fr\/wp-json\/wp\/v2\/product_cat?post=694946"},{"taxonomy":"product_tag","embeddable":true,"href":"https:\/\/ru.romanceclub.com\/fr\/wp-json\/wp\/v2\/product_tag?post=694946"}],"curies":[{"name":"wp","href":"https:\/\/api.w.org\/{rel}","templated":true}]}}