{"id":738669,"date":"2024-12-13T11:53:46","date_gmt":"2024-12-13T11:53:46","guid":{"rendered":"https:\/\/romanceclub.com\/product\/10-obrotow\/"},"modified":"2026-05-08T19:11:51","modified_gmt":"2026-05-08T19:11:51","slug":"10-obrotow","status":"publish","type":"product","link":"https:\/\/ru.romanceclub.com\/pl\/produkt\/10-obrotow\/","title":{"rendered":"10 Obrot\u00f3w"},"content":{"rendered":"10 Obrot\u00f3w dla Ko\u0142a Fortuny","protected":false},"excerpt":{"rendered":"<p>10 Obrot\u00f3w dla Ko\u0142a Fortuny<\/p>\n","protected":false},"featured_media":738617,"template":"","meta":{"_acf_changed":false,"inline_featured_image":false},"product_brand":[],"product_cat":[526],"product_tag":[],"class_list":{"0":"post-738669","1":"product","2":"type-product","3":"status-publish","4":"has-post-thumbnail","6":"product_cat-premia","8":"first","9":"instock","10":"virtual","11":"sold-individually","12":"purchasable","13":"product-type-simple"},"acf":[],"_links":{"self":[{"href":"https:\/\/ru.romanceclub.com\/pl\/wp-json\/wp\/v2\/product\/738669","targetHints":{"allow":["GET"]}}],"collection":[{"href":"https:\/\/ru.romanceclub.com\/pl\/wp-json\/wp\/v2\/product"}],"about":[{"href":"https:\/\/ru.romanceclub.com\/pl\/wp-json\/wp\/v2\/types\/product"}],"wp:featuredmedia":[{"embeddable":true,"href":"https:\/\/ru.romanceclub.com\/pl\/wp-json\/wp\/v2\/media\/738617"}],"wp:attachment":[{"href":"https:\/\/ru.romanceclub.com\/pl\/wp-json\/wp\/v2\/media?parent=738669"}],"wp:term":[{"taxonomy":"product_brand","embeddable":true,"href":"https:\/\/ru.romanceclub.com\/pl\/wp-json\/wp\/v2\/product_brand?post=738669"},{"taxonomy":"product_cat","embeddable":true,"href":"https:\/\/ru.romanceclub.com\/pl\/wp-json\/wp\/v2\/product_cat?post=738669"},{"taxonomy":"product_tag","embeddable":true,"href":"https:\/\/ru.romanceclub.com\/pl\/wp-json\/wp\/v2\/product_tag?post=738669"}],"curies":[{"name":"wp","href":"https:\/\/api.w.org\/{rel}","templated":true}]}}