{"id":738748,"date":"2023-12-19T16:04:03","date_gmt":"2023-12-19T16:04:03","guid":{"rendered":"https:\/\/romanceclub.com\/product\/diamenty-130-szt\/"},"modified":"2023-12-19T16:04:03","modified_gmt":"2023-12-19T16:04:03","slug":"diamenty-130-szt","status":"publish","type":"product","link":"https:\/\/ru.romanceclub.com\/pl\/produkt\/diamenty-130-szt\/","title":{"rendered":"Diamenty, 130 szt."},"content":{"rendered":"130 Diament\u00f3w &#8211; Naklejka na komunikator Telegram.\n\nDiamenty (kryszta\u0142y) w grach \u201eKlubu Romantyk\u00f3w\u201d \ud83d\udc8e \u2014 to g\u0142\u00f3wna waluta s\u0142u\u017c\u0105ca do odblokowywania dodatkowych mo\u017cliwo\u015bci w grze, czy to postaci, stroju, czy dodatkowej linii fabularnej. Nigdy nie ma ich zbyt wiele. \n\nDiamenty to waluta w grze, kt\u00f3ra pozwala na:\n<ul>\n \t<li>wprowadza\u0107 p\u0142atne wybory, kt\u00f3re maj\u0105 wp\u0142yw na fabu\u0142\u0119<\/li>\n \t<li>otwiera\u0107 dodatkowe w\u0105tki fabularne lub romantyczne<\/li>\n \t<li>kupowa\u0107 dla swojej postaci \u0142adne ubrania i fryzury opr\u00f3cz tych darmowych.<\/li>\n<\/ul>\n\nKup diamenty i fili\u017canki Klubu Romantyk\u00f3w. \nTylko na naszej oficjalnej stronie internetowej mo\u017cna kupi\u0107 oryginalne, prawdziwe diamenty oraz fili\u017canki do herbaty do aplikacji \u201eKlub Romantyk\u00f3w\u201d.\nKupuj\u0105c fili\u017canki i diamenty Klubu Romantyk\u00f3w na naszej stronie, oszcz\u0119dzasz czas, poniewa\u017c nie musisz przegl\u0105da\u0107 reklam, aby zdoby\u0107 diamenty, ani czeka\u0107 na uzupe\u0142nienie zapas\u00f3w o jedn\u0105 fili\u017cank\u0119 co trzy godziny.","protected":false},"excerpt":{"rendered":"<p>130 diament\u00f3w. Diamenty (kryszta\u0142y) to waluta w grze Romance Club, s\u0142u\u017c\u0105ca do odblokowywania dodatkowych funkcji w grze: pi\u0119knych ubra\u0144 i fryzur, dodatkowych w\u0105tk\u00f3w fabularnych i opcji romantycznych. <\/p>\n","protected":false},"featured_media":738751,"template":"","meta":{"_acf_changed":false,"inline_featured_image":false},"product_brand":[],"product_cat":[711,710],"product_tag":[712,713],"class_list":{"0":"post-738748","1":"product","2":"type-product","3":"status-publish","4":"has-post-thumbnail","6":"product_cat-diamenty","7":"product_cat-herbata-i-diamenty","8":"product_tag-diamenty","9":"product_tag-krysztaly","11":"first","12":"instock","13":"downloadable","14":"virtual","15":"sold-individually","16":"purchasable","17":"product-type-simple"},"acf":[],"_links":{"self":[{"href":"https:\/\/ru.romanceclub.com\/pl\/wp-json\/wp\/v2\/product\/738748","targetHints":{"allow":["GET"]}}],"collection":[{"href":"https:\/\/ru.romanceclub.com\/pl\/wp-json\/wp\/v2\/product"}],"about":[{"href":"https:\/\/ru.romanceclub.com\/pl\/wp-json\/wp\/v2\/types\/product"}],"wp:featuredmedia":[{"embeddable":true,"href":"https:\/\/ru.romanceclub.com\/pl\/wp-json\/wp\/v2\/media\/738751"}],"wp:attachment":[{"href":"https:\/\/ru.romanceclub.com\/pl\/wp-json\/wp\/v2\/media?parent=738748"}],"wp:term":[{"taxonomy":"product_brand","embeddable":true,"href":"https:\/\/ru.romanceclub.com\/pl\/wp-json\/wp\/v2\/product_brand?post=738748"},{"taxonomy":"product_cat","embeddable":true,"href":"https:\/\/ru.romanceclub.com\/pl\/wp-json\/wp\/v2\/product_cat?post=738748"},{"taxonomy":"product_tag","embeddable":true,"href":"https:\/\/ru.romanceclub.com\/pl\/wp-json\/wp\/v2\/product_tag?post=738748"}],"curies":[{"name":"wp","href":"https:\/\/api.w.org\/{rel}","templated":true}]}}